{"id":1093,"date":"2025-03-29T05:12:42","date_gmt":"2025-03-29T05:12:42","guid":{"rendered":"https:\/\/podologiamary.com\/stg\/tienda\/sin categor\u00eda\/tal-derm-liquido\/"},"modified":"2025-03-29T05:12:43","modified_gmt":"2025-03-29T05:12:43","slug":"tal-derm-liquido","status":"publish","type":"product","link":"https:\/\/podologiamary.com\/stg\/tienda\/talcos-antimicoticos\/tal-derm-liquido\/","title":{"rendered":"Tal-Derm L\u00edquido"},"content":{"rendered":"<h3>Talco L\u00edquido Antisudoral Tal-Derm \u2013 Control efectivo de la humedad<\/h3>\n<p>Su avanzada f\u00f3rmula con Clotrimazol y Terbinafina previene infecciones f\u00fangicas. El \u00d3xido de Zinc y el \u00c1cido B\u00f3rico absorben la humedad y controlan la sudoraci\u00f3n excesiva, proporcionando frescura prolongada.<\/p>\n","protected":false},"excerpt":{"rendered":"<p>F\u00f3rmula l\u00edquida regula sudor. Presentaci\u00f3n: 120ML.<\/p>\n","protected":false},"featured_media":1092,"comment_status":"open","ping_status":"closed","template":"","meta":{"_acf_changed":false},"product_brand":[],"product_cat":[23],"product_tag":[60,66,49,27,64],"class_list":{"0":"post-1093","1":"product","2":"type-product","3":"status-publish","4":"has-post-thumbnail","6":"product_cat-talcos-antimicoticos","7":"product_tag-acido-borico","8":"product_tag-clotrimazol","9":"product_tag-oxido-de-zinc","10":"product_tag-terbinafina","11":"product_tag-triclosan","13":"first","14":"instock","15":"shipping-taxable","16":"purchasable","17":"product-type-simple"},"acf":[],"yoast_head":"<!-- This site is optimized with the Yoast SEO plugin v27.3 - https:\/\/yoast.com\/product\/yoast-seo-wordpress\/ -->\n<title>Tal-Derm L\u00edquido | Talcos Antimic\u00f3ticos | Podolog\u00eda Mary<\/title>\n<meta name=\"description\" content=\"Talco l\u00edquido antif\u00fangico con Clotrimazol y Terbinafina. Controla la humedad, previene hongos y mantiene los pies frescos. F\u00e1cil aplicaci\u00f3n y r\u00e1pida absorci\u00f3n.\" \/>\n<meta name=\"robots\" content=\"noindex, follow, max-snippet:-1, max-image-preview:large, max-video-preview:-1\" \/>\n<meta property=\"og:locale\" content=\"es_ES\" \/>\n<meta property=\"og:type\" content=\"article\" \/>\n<meta property=\"og:title\" content=\"Tal-Derm L\u00edquido | Talcos Antimic\u00f3ticos | Podolog\u00eda Mary\" \/>\n<meta property=\"og:description\" content=\"Talco l\u00edquido antif\u00fangico con Clotrimazol y Terbinafina. Controla la humedad, previene hongos y mantiene los pies frescos. F\u00e1cil aplicaci\u00f3n y r\u00e1pida absorci\u00f3n.\" \/>\n<meta property=\"og:url\" content=\"https:\/\/podologiamary.com\/stg\/tienda\/talcos-antimicoticos\/tal-derm-liquido\/\" \/>\n<meta property=\"og:site_name\" content=\"Podolog\u00eda Mary\" \/>\n<meta property=\"article:publisher\" content=\"https:\/\/www.facebook.com\/podologiamaryperu\" \/>\n<meta property=\"article:modified_time\" content=\"2025-03-29T05:12:43+00:00\" \/>\n<meta property=\"og:image\" content=\"https:\/\/podologiamary.com\/stg\/wp-content\/uploads\/2025\/03\/Talco-Liquido-Antimicotico-Tal-Derm-podologia-mary.jpg\" \/>\n\t<meta property=\"og:image:width\" content=\"800\" \/>\n\t<meta property=\"og:image:height\" content=\"800\" \/>\n\t<meta property=\"og:image:type\" content=\"image\/jpeg\" \/>\n<meta name=\"twitter:card\" content=\"summary_large_image\" \/>\n<meta name=\"twitter:site\" content=\"@PodologiaMary\" \/>\n<meta name=\"twitter:label1\" content=\"Tiempo de lectura\" \/>\n\t<meta name=\"twitter:data1\" content=\"1 minuto\" \/>\n<script type=\"application\/ld+json\" class=\"yoast-schema-graph\">{\"@context\":\"https:\\\/\\\/schema.org\",\"@graph\":[{\"@type\":\"WebPage\",\"@id\":\"https:\\\/\\\/podologiamary.com\\\/stg\\\/tienda\\\/talcos-antimicoticos\\\/tal-derm-liquido\\\/\",\"url\":\"https:\\\/\\\/podologiamary.com\\\/stg\\\/tienda\\\/talcos-antimicoticos\\\/tal-derm-liquido\\\/\",\"name\":\"Tal-Derm L\u00edquido | Talcos Antimic\u00f3ticos | Podolog\u00eda Mary\",\"isPartOf\":{\"@id\":\"https:\\\/\\\/podologiamary.com\\\/stg\\\/#website\"},\"primaryImageOfPage\":{\"@id\":\"https:\\\/\\\/podologiamary.com\\\/stg\\\/tienda\\\/talcos-antimicoticos\\\/tal-derm-liquido\\\/#primaryimage\"},\"image\":{\"@id\":\"https:\\\/\\\/podologiamary.com\\\/stg\\\/tienda\\\/talcos-antimicoticos\\\/tal-derm-liquido\\\/#primaryimage\"},\"thumbnailUrl\":\"https:\\\/\\\/podologiamary.com\\\/stg\\\/wp-content\\\/uploads\\\/2025\\\/03\\\/Talco-Liquido-Antimicotico-Tal-Derm-podologia-mary.jpg\",\"datePublished\":\"2025-03-29T05:12:42+00:00\",\"dateModified\":\"2025-03-29T05:12:43+00:00\",\"description\":\"Talco l\u00edquido antif\u00fangico con Clotrimazol y Terbinafina. Controla la humedad, previene hongos y mantiene los pies frescos. F\u00e1cil aplicaci\u00f3n y r\u00e1pida absorci\u00f3n.\",\"breadcrumb\":{\"@id\":\"https:\\\/\\\/podologiamary.com\\\/stg\\\/tienda\\\/talcos-antimicoticos\\\/tal-derm-liquido\\\/#breadcrumb\"},\"inLanguage\":\"es\",\"potentialAction\":[{\"@type\":\"ReadAction\",\"target\":[\"https:\\\/\\\/podologiamary.com\\\/stg\\\/tienda\\\/talcos-antimicoticos\\\/tal-derm-liquido\\\/\"]}]},{\"@type\":\"ImageObject\",\"inLanguage\":\"es\",\"@id\":\"https:\\\/\\\/podologiamary.com\\\/stg\\\/tienda\\\/talcos-antimicoticos\\\/tal-derm-liquido\\\/#primaryimage\",\"url\":\"https:\\\/\\\/podologiamary.com\\\/stg\\\/wp-content\\\/uploads\\\/2025\\\/03\\\/Talco-Liquido-Antimicotico-Tal-Derm-podologia-mary.jpg\",\"contentUrl\":\"https:\\\/\\\/podologiamary.com\\\/stg\\\/wp-content\\\/uploads\\\/2025\\\/03\\\/Talco-Liquido-Antimicotico-Tal-Derm-podologia-mary.jpg\",\"width\":800,\"height\":800},{\"@type\":\"BreadcrumbList\",\"@id\":\"https:\\\/\\\/podologiamary.com\\\/stg\\\/tienda\\\/talcos-antimicoticos\\\/tal-derm-liquido\\\/#breadcrumb\",\"itemListElement\":[{\"@type\":\"ListItem\",\"position\":1,\"name\":\"Inicio\",\"item\":\"https:\\\/\\\/podologiamary.com\\\/stg\\\/\"},{\"@type\":\"ListItem\",\"position\":2,\"name\":\"Tienda\",\"item\":\"https:\\\/\\\/podologiamary.com\\\/stg\\\/tienda\\\/\"},{\"@type\":\"ListItem\",\"position\":3,\"name\":\"Tal-Derm L\u00edquido\"}]},{\"@type\":\"WebSite\",\"@id\":\"https:\\\/\\\/podologiamary.com\\\/stg\\\/#website\",\"url\":\"https:\\\/\\\/podologiamary.com\\\/stg\\\/\",\"name\":\"Podolog\u00eda Mary\",\"description\":\"\",\"publisher\":{\"@id\":\"https:\\\/\\\/podologiamary.com\\\/stg\\\/#organization\"},\"potentialAction\":[{\"@type\":\"SearchAction\",\"target\":{\"@type\":\"EntryPoint\",\"urlTemplate\":\"https:\\\/\\\/podologiamary.com\\\/stg\\\/?s={search_term_string}\"},\"query-input\":{\"@type\":\"PropertyValueSpecification\",\"valueRequired\":true,\"valueName\":\"search_term_string\"}}],\"inLanguage\":\"es\"},{\"@type\":\"Organization\",\"@id\":\"https:\\\/\\\/podologiamary.com\\\/stg\\\/#organization\",\"name\":\"Podolog\u00eda Mary\",\"url\":\"https:\\\/\\\/podologiamary.com\\\/stg\\\/\",\"logo\":{\"@type\":\"ImageObject\",\"inLanguage\":\"es\",\"@id\":\"https:\\\/\\\/podologiamary.com\\\/stg\\\/#\\\/schema\\\/logo\\\/image\\\/\",\"url\":\"https:\\\/\\\/podologiamary.com\\\/stg\\\/wp-content\\\/uploads\\\/2025\\\/03\\\/podologia-mary-logo.png\",\"contentUrl\":\"https:\\\/\\\/podologiamary.com\\\/stg\\\/wp-content\\\/uploads\\\/2025\\\/03\\\/podologia-mary-logo.png\",\"width\":357,\"height\":153,\"caption\":\"Podolog\u00eda Mary\"},\"image\":{\"@id\":\"https:\\\/\\\/podologiamary.com\\\/stg\\\/#\\\/schema\\\/logo\\\/image\\\/\"},\"sameAs\":[\"https:\\\/\\\/www.facebook.com\\\/podologiamaryperu\",\"https:\\\/\\\/x.com\\\/PodologiaMary\",\"https:\\\/\\\/www.instagram.com\\\/podologia_mary\\\/\",\"https:\\\/\\\/www.linkedin.com\\\/company\\\/podologia-mary\\\/\"]}]}<\/script>\n<!-- \/ Yoast SEO plugin. -->","yoast_head_json":{"title":"Tal-Derm L\u00edquido | Talcos Antimic\u00f3ticos | Podolog\u00eda Mary","description":"Talco l\u00edquido antif\u00fangico con Clotrimazol y Terbinafina. Controla la humedad, previene hongos y mantiene los pies frescos. F\u00e1cil aplicaci\u00f3n y r\u00e1pida absorci\u00f3n.","robots":{"index":"noindex","follow":"follow","max-snippet":"max-snippet:-1","max-image-preview":"max-image-preview:large","max-video-preview":"max-video-preview:-1"},"og_locale":"es_ES","og_type":"article","og_title":"Tal-Derm L\u00edquido | Talcos Antimic\u00f3ticos | Podolog\u00eda Mary","og_description":"Talco l\u00edquido antif\u00fangico con Clotrimazol y Terbinafina. Controla la humedad, previene hongos y mantiene los pies frescos. F\u00e1cil aplicaci\u00f3n y r\u00e1pida absorci\u00f3n.","og_url":"https:\/\/podologiamary.com\/stg\/tienda\/talcos-antimicoticos\/tal-derm-liquido\/","og_site_name":"Podolog\u00eda Mary","article_publisher":"https:\/\/www.facebook.com\/podologiamaryperu","article_modified_time":"2025-03-29T05:12:43+00:00","og_image":[{"width":800,"height":800,"url":"https:\/\/podologiamary.com\/stg\/wp-content\/uploads\/2025\/03\/Talco-Liquido-Antimicotico-Tal-Derm-podologia-mary.jpg","type":"image\/jpeg"}],"twitter_card":"summary_large_image","twitter_site":"@PodologiaMary","twitter_misc":{"Tiempo de lectura":"1 minuto"},"schema":{"@context":"https:\/\/schema.org","@graph":[{"@type":"WebPage","@id":"https:\/\/podologiamary.com\/stg\/tienda\/talcos-antimicoticos\/tal-derm-liquido\/","url":"https:\/\/podologiamary.com\/stg\/tienda\/talcos-antimicoticos\/tal-derm-liquido\/","name":"Tal-Derm L\u00edquido | Talcos Antimic\u00f3ticos | Podolog\u00eda Mary","isPartOf":{"@id":"https:\/\/podologiamary.com\/stg\/#website"},"primaryImageOfPage":{"@id":"https:\/\/podologiamary.com\/stg\/tienda\/talcos-antimicoticos\/tal-derm-liquido\/#primaryimage"},"image":{"@id":"https:\/\/podologiamary.com\/stg\/tienda\/talcos-antimicoticos\/tal-derm-liquido\/#primaryimage"},"thumbnailUrl":"https:\/\/podologiamary.com\/stg\/wp-content\/uploads\/2025\/03\/Talco-Liquido-Antimicotico-Tal-Derm-podologia-mary.jpg","datePublished":"2025-03-29T05:12:42+00:00","dateModified":"2025-03-29T05:12:43+00:00","description":"Talco l\u00edquido antif\u00fangico con Clotrimazol y Terbinafina. Controla la humedad, previene hongos y mantiene los pies frescos. F\u00e1cil aplicaci\u00f3n y r\u00e1pida absorci\u00f3n.","breadcrumb":{"@id":"https:\/\/podologiamary.com\/stg\/tienda\/talcos-antimicoticos\/tal-derm-liquido\/#breadcrumb"},"inLanguage":"es","potentialAction":[{"@type":"ReadAction","target":["https:\/\/podologiamary.com\/stg\/tienda\/talcos-antimicoticos\/tal-derm-liquido\/"]}]},{"@type":"ImageObject","inLanguage":"es","@id":"https:\/\/podologiamary.com\/stg\/tienda\/talcos-antimicoticos\/tal-derm-liquido\/#primaryimage","url":"https:\/\/podologiamary.com\/stg\/wp-content\/uploads\/2025\/03\/Talco-Liquido-Antimicotico-Tal-Derm-podologia-mary.jpg","contentUrl":"https:\/\/podologiamary.com\/stg\/wp-content\/uploads\/2025\/03\/Talco-Liquido-Antimicotico-Tal-Derm-podologia-mary.jpg","width":800,"height":800},{"@type":"BreadcrumbList","@id":"https:\/\/podologiamary.com\/stg\/tienda\/talcos-antimicoticos\/tal-derm-liquido\/#breadcrumb","itemListElement":[{"@type":"ListItem","position":1,"name":"Inicio","item":"https:\/\/podologiamary.com\/stg\/"},{"@type":"ListItem","position":2,"name":"Tienda","item":"https:\/\/podologiamary.com\/stg\/tienda\/"},{"@type":"ListItem","position":3,"name":"Tal-Derm L\u00edquido"}]},{"@type":"WebSite","@id":"https:\/\/podologiamary.com\/stg\/#website","url":"https:\/\/podologiamary.com\/stg\/","name":"Podolog\u00eda Mary","description":"","publisher":{"@id":"https:\/\/podologiamary.com\/stg\/#organization"},"potentialAction":[{"@type":"SearchAction","target":{"@type":"EntryPoint","urlTemplate":"https:\/\/podologiamary.com\/stg\/?s={search_term_string}"},"query-input":{"@type":"PropertyValueSpecification","valueRequired":true,"valueName":"search_term_string"}}],"inLanguage":"es"},{"@type":"Organization","@id":"https:\/\/podologiamary.com\/stg\/#organization","name":"Podolog\u00eda Mary","url":"https:\/\/podologiamary.com\/stg\/","logo":{"@type":"ImageObject","inLanguage":"es","@id":"https:\/\/podologiamary.com\/stg\/#\/schema\/logo\/image\/","url":"https:\/\/podologiamary.com\/stg\/wp-content\/uploads\/2025\/03\/podologia-mary-logo.png","contentUrl":"https:\/\/podologiamary.com\/stg\/wp-content\/uploads\/2025\/03\/podologia-mary-logo.png","width":357,"height":153,"caption":"Podolog\u00eda Mary"},"image":{"@id":"https:\/\/podologiamary.com\/stg\/#\/schema\/logo\/image\/"},"sameAs":["https:\/\/www.facebook.com\/podologiamaryperu","https:\/\/x.com\/PodologiaMary","https:\/\/www.instagram.com\/podologia_mary\/","https:\/\/www.linkedin.com\/company\/podologia-mary\/"]}]}},"_links":{"self":[{"href":"https:\/\/podologiamary.com\/stg\/wp-json\/wp\/v2\/product\/1093","targetHints":{"allow":["GET"]}}],"collection":[{"href":"https:\/\/podologiamary.com\/stg\/wp-json\/wp\/v2\/product"}],"about":[{"href":"https:\/\/podologiamary.com\/stg\/wp-json\/wp\/v2\/types\/product"}],"replies":[{"embeddable":true,"href":"https:\/\/podologiamary.com\/stg\/wp-json\/wp\/v2\/comments?post=1093"}],"wp:featuredmedia":[{"embeddable":true,"href":"https:\/\/podologiamary.com\/stg\/wp-json\/wp\/v2\/media\/1092"}],"wp:attachment":[{"href":"https:\/\/podologiamary.com\/stg\/wp-json\/wp\/v2\/media?parent=1093"}],"wp:term":[{"taxonomy":"product_brand","embeddable":true,"href":"https:\/\/podologiamary.com\/stg\/wp-json\/wp\/v2\/product_brand?post=1093"},{"taxonomy":"product_cat","embeddable":true,"href":"https:\/\/podologiamary.com\/stg\/wp-json\/wp\/v2\/product_cat?post=1093"},{"taxonomy":"product_tag","embeddable":true,"href":"https:\/\/podologiamary.com\/stg\/wp-json\/wp\/v2\/product_tag?post=1093"}],"curies":[{"name":"wp","href":"https:\/\/api.w.org\/{rel}","templated":true}]}}