{"id":1089,"date":"2025-03-29T05:12:38","date_gmt":"2025-03-29T05:12:38","guid":{"rendered":"https:\/\/podologiamary.com\/stg\/tienda\/sin categor\u00eda\/locion-antisudoral\/"},"modified":"2025-03-29T05:12:39","modified_gmt":"2025-03-29T05:12:39","slug":"locion-antisudoral","status":"publish","type":"product","link":"https:\/\/podologiamary.com\/stg\/tienda\/desinfectantes\/locion-antisudoral\/","title":{"rendered":"Loci\u00f3n Antisudoral"},"content":{"rendered":"<h3>Loci\u00f3n Antisudoral para Pies \u2013 Control de sudor y frescura duradera<\/h3>\n<p>Regula la transpiraci\u00f3n con Clorhidr\u00f3xido de Aluminio y Climbazol. Su f\u00f3rmula con Tea Tree y Aloe Vera protege la piel y previene infecciones.<\/p>\n","protected":false},"excerpt":{"rendered":"<p>Soluci\u00f3n controla sudoraci\u00f3n. Presentaci\u00f3n: 120ML.<\/p>\n","protected":false},"featured_media":1088,"comment_status":"open","ping_status":"closed","template":"","meta":{"_acf_changed":false},"product_brand":[],"product_cat":[24],"product_tag":[46,26,53,65,28,56],"class_list":{"0":"post-1089","1":"product","2":"type-product","3":"status-publish","4":"has-post-thumbnail","6":"product_cat-desinfectantes","7":"product_tag-alantoina","8":"product_tag-aloe-vera","9":"product_tag-colageno","10":"product_tag-dexpantenol","11":"product_tag-urea","12":"product_tag-vitamina-e","14":"first","15":"instock","16":"shipping-taxable","17":"purchasable","18":"product-type-simple"},"acf":[],"yoast_head":"<!-- This site is optimized with the Yoast SEO plugin v27.3 - https:\/\/yoast.com\/product\/yoast-seo-wordpress\/ -->\n<title>Loci\u00f3n Antisudoral | Desinfectantes | Podolog\u00eda Mary<\/title>\n<meta name=\"description\" content=\"Loci\u00f3n Antisudoral con Clorhidr\u00f3xido de Aluminio y Tea Tree. Controla la sudoraci\u00f3n de los pies, previene el mal olor y protege contra hongos.\" \/>\n<meta name=\"robots\" content=\"noindex, follow, max-snippet:-1, max-image-preview:large, max-video-preview:-1\" \/>\n<meta property=\"og:locale\" content=\"es_ES\" \/>\n<meta property=\"og:type\" content=\"article\" \/>\n<meta property=\"og:title\" content=\"Loci\u00f3n Antisudoral | Desinfectantes | Podolog\u00eda Mary\" \/>\n<meta property=\"og:description\" content=\"Loci\u00f3n Antisudoral con Clorhidr\u00f3xido de Aluminio y Tea Tree. Controla la sudoraci\u00f3n de los pies, previene el mal olor y protege contra hongos.\" \/>\n<meta property=\"og:url\" content=\"https:\/\/podologiamary.com\/stg\/tienda\/desinfectantes\/locion-antisudoral\/\" \/>\n<meta property=\"og:site_name\" content=\"Podolog\u00eda Mary\" \/>\n<meta property=\"article:publisher\" content=\"https:\/\/www.facebook.com\/podologiamaryperu\" \/>\n<meta property=\"article:modified_time\" content=\"2025-03-29T05:12:39+00:00\" \/>\n<meta property=\"og:image\" content=\"https:\/\/podologiamary.com\/stg\/wp-content\/uploads\/2025\/03\/Locion-antisudoral-Podologia-Mary.jpg\" \/>\n\t<meta property=\"og:image:width\" content=\"800\" \/>\n\t<meta property=\"og:image:height\" content=\"800\" \/>\n\t<meta property=\"og:image:type\" content=\"image\/jpeg\" \/>\n<meta name=\"twitter:card\" content=\"summary_large_image\" \/>\n<meta name=\"twitter:site\" content=\"@PodologiaMary\" \/>\n<meta name=\"twitter:label1\" content=\"Tiempo de lectura\" \/>\n\t<meta name=\"twitter:data1\" content=\"1 minuto\" \/>\n<script type=\"application\/ld+json\" class=\"yoast-schema-graph\">{\"@context\":\"https:\\\/\\\/schema.org\",\"@graph\":[{\"@type\":\"WebPage\",\"@id\":\"https:\\\/\\\/podologiamary.com\\\/stg\\\/tienda\\\/desinfectantes\\\/locion-antisudoral\\\/\",\"url\":\"https:\\\/\\\/podologiamary.com\\\/stg\\\/tienda\\\/desinfectantes\\\/locion-antisudoral\\\/\",\"name\":\"Loci\u00f3n Antisudoral | Desinfectantes | Podolog\u00eda Mary\",\"isPartOf\":{\"@id\":\"https:\\\/\\\/podologiamary.com\\\/stg\\\/#website\"},\"primaryImageOfPage\":{\"@id\":\"https:\\\/\\\/podologiamary.com\\\/stg\\\/tienda\\\/desinfectantes\\\/locion-antisudoral\\\/#primaryimage\"},\"image\":{\"@id\":\"https:\\\/\\\/podologiamary.com\\\/stg\\\/tienda\\\/desinfectantes\\\/locion-antisudoral\\\/#primaryimage\"},\"thumbnailUrl\":\"https:\\\/\\\/podologiamary.com\\\/stg\\\/wp-content\\\/uploads\\\/2025\\\/03\\\/Locion-antisudoral-Podologia-Mary.jpg\",\"datePublished\":\"2025-03-29T05:12:38+00:00\",\"dateModified\":\"2025-03-29T05:12:39+00:00\",\"description\":\"Loci\u00f3n Antisudoral con Clorhidr\u00f3xido de Aluminio y Tea Tree. Controla la sudoraci\u00f3n de los pies, previene el mal olor y protege contra hongos.\",\"breadcrumb\":{\"@id\":\"https:\\\/\\\/podologiamary.com\\\/stg\\\/tienda\\\/desinfectantes\\\/locion-antisudoral\\\/#breadcrumb\"},\"inLanguage\":\"es\",\"potentialAction\":[{\"@type\":\"ReadAction\",\"target\":[\"https:\\\/\\\/podologiamary.com\\\/stg\\\/tienda\\\/desinfectantes\\\/locion-antisudoral\\\/\"]}]},{\"@type\":\"ImageObject\",\"inLanguage\":\"es\",\"@id\":\"https:\\\/\\\/podologiamary.com\\\/stg\\\/tienda\\\/desinfectantes\\\/locion-antisudoral\\\/#primaryimage\",\"url\":\"https:\\\/\\\/podologiamary.com\\\/stg\\\/wp-content\\\/uploads\\\/2025\\\/03\\\/Locion-antisudoral-Podologia-Mary.jpg\",\"contentUrl\":\"https:\\\/\\\/podologiamary.com\\\/stg\\\/wp-content\\\/uploads\\\/2025\\\/03\\\/Locion-antisudoral-Podologia-Mary.jpg\",\"width\":800,\"height\":800},{\"@type\":\"BreadcrumbList\",\"@id\":\"https:\\\/\\\/podologiamary.com\\\/stg\\\/tienda\\\/desinfectantes\\\/locion-antisudoral\\\/#breadcrumb\",\"itemListElement\":[{\"@type\":\"ListItem\",\"position\":1,\"name\":\"Inicio\",\"item\":\"https:\\\/\\\/podologiamary.com\\\/stg\\\/\"},{\"@type\":\"ListItem\",\"position\":2,\"name\":\"Tienda\",\"item\":\"https:\\\/\\\/podologiamary.com\\\/stg\\\/tienda\\\/\"},{\"@type\":\"ListItem\",\"position\":3,\"name\":\"Loci\u00f3n Antisudoral\"}]},{\"@type\":\"WebSite\",\"@id\":\"https:\\\/\\\/podologiamary.com\\\/stg\\\/#website\",\"url\":\"https:\\\/\\\/podologiamary.com\\\/stg\\\/\",\"name\":\"Podolog\u00eda Mary\",\"description\":\"\",\"publisher\":{\"@id\":\"https:\\\/\\\/podologiamary.com\\\/stg\\\/#organization\"},\"potentialAction\":[{\"@type\":\"SearchAction\",\"target\":{\"@type\":\"EntryPoint\",\"urlTemplate\":\"https:\\\/\\\/podologiamary.com\\\/stg\\\/?s={search_term_string}\"},\"query-input\":{\"@type\":\"PropertyValueSpecification\",\"valueRequired\":true,\"valueName\":\"search_term_string\"}}],\"inLanguage\":\"es\"},{\"@type\":\"Organization\",\"@id\":\"https:\\\/\\\/podologiamary.com\\\/stg\\\/#organization\",\"name\":\"Podolog\u00eda Mary\",\"url\":\"https:\\\/\\\/podologiamary.com\\\/stg\\\/\",\"logo\":{\"@type\":\"ImageObject\",\"inLanguage\":\"es\",\"@id\":\"https:\\\/\\\/podologiamary.com\\\/stg\\\/#\\\/schema\\\/logo\\\/image\\\/\",\"url\":\"https:\\\/\\\/podologiamary.com\\\/stg\\\/wp-content\\\/uploads\\\/2025\\\/03\\\/podologia-mary-logo.png\",\"contentUrl\":\"https:\\\/\\\/podologiamary.com\\\/stg\\\/wp-content\\\/uploads\\\/2025\\\/03\\\/podologia-mary-logo.png\",\"width\":357,\"height\":153,\"caption\":\"Podolog\u00eda Mary\"},\"image\":{\"@id\":\"https:\\\/\\\/podologiamary.com\\\/stg\\\/#\\\/schema\\\/logo\\\/image\\\/\"},\"sameAs\":[\"https:\\\/\\\/www.facebook.com\\\/podologiamaryperu\",\"https:\\\/\\\/x.com\\\/PodologiaMary\",\"https:\\\/\\\/www.instagram.com\\\/podologia_mary\\\/\",\"https:\\\/\\\/www.linkedin.com\\\/company\\\/podologia-mary\\\/\"]}]}<\/script>\n<!-- \/ Yoast SEO plugin. -->","yoast_head_json":{"title":"Loci\u00f3n Antisudoral | Desinfectantes | Podolog\u00eda Mary","description":"Loci\u00f3n Antisudoral con Clorhidr\u00f3xido de Aluminio y Tea Tree. Controla la sudoraci\u00f3n de los pies, previene el mal olor y protege contra hongos.","robots":{"index":"noindex","follow":"follow","max-snippet":"max-snippet:-1","max-image-preview":"max-image-preview:large","max-video-preview":"max-video-preview:-1"},"og_locale":"es_ES","og_type":"article","og_title":"Loci\u00f3n Antisudoral | Desinfectantes | Podolog\u00eda Mary","og_description":"Loci\u00f3n Antisudoral con Clorhidr\u00f3xido de Aluminio y Tea Tree. Controla la sudoraci\u00f3n de los pies, previene el mal olor y protege contra hongos.","og_url":"https:\/\/podologiamary.com\/stg\/tienda\/desinfectantes\/locion-antisudoral\/","og_site_name":"Podolog\u00eda Mary","article_publisher":"https:\/\/www.facebook.com\/podologiamaryperu","article_modified_time":"2025-03-29T05:12:39+00:00","og_image":[{"width":800,"height":800,"url":"https:\/\/podologiamary.com\/stg\/wp-content\/uploads\/2025\/03\/Locion-antisudoral-Podologia-Mary.jpg","type":"image\/jpeg"}],"twitter_card":"summary_large_image","twitter_site":"@PodologiaMary","twitter_misc":{"Tiempo de lectura":"1 minuto"},"schema":{"@context":"https:\/\/schema.org","@graph":[{"@type":"WebPage","@id":"https:\/\/podologiamary.com\/stg\/tienda\/desinfectantes\/locion-antisudoral\/","url":"https:\/\/podologiamary.com\/stg\/tienda\/desinfectantes\/locion-antisudoral\/","name":"Loci\u00f3n Antisudoral | Desinfectantes | Podolog\u00eda Mary","isPartOf":{"@id":"https:\/\/podologiamary.com\/stg\/#website"},"primaryImageOfPage":{"@id":"https:\/\/podologiamary.com\/stg\/tienda\/desinfectantes\/locion-antisudoral\/#primaryimage"},"image":{"@id":"https:\/\/podologiamary.com\/stg\/tienda\/desinfectantes\/locion-antisudoral\/#primaryimage"},"thumbnailUrl":"https:\/\/podologiamary.com\/stg\/wp-content\/uploads\/2025\/03\/Locion-antisudoral-Podologia-Mary.jpg","datePublished":"2025-03-29T05:12:38+00:00","dateModified":"2025-03-29T05:12:39+00:00","description":"Loci\u00f3n Antisudoral con Clorhidr\u00f3xido de Aluminio y Tea Tree. Controla la sudoraci\u00f3n de los pies, previene el mal olor y protege contra hongos.","breadcrumb":{"@id":"https:\/\/podologiamary.com\/stg\/tienda\/desinfectantes\/locion-antisudoral\/#breadcrumb"},"inLanguage":"es","potentialAction":[{"@type":"ReadAction","target":["https:\/\/podologiamary.com\/stg\/tienda\/desinfectantes\/locion-antisudoral\/"]}]},{"@type":"ImageObject","inLanguage":"es","@id":"https:\/\/podologiamary.com\/stg\/tienda\/desinfectantes\/locion-antisudoral\/#primaryimage","url":"https:\/\/podologiamary.com\/stg\/wp-content\/uploads\/2025\/03\/Locion-antisudoral-Podologia-Mary.jpg","contentUrl":"https:\/\/podologiamary.com\/stg\/wp-content\/uploads\/2025\/03\/Locion-antisudoral-Podologia-Mary.jpg","width":800,"height":800},{"@type":"BreadcrumbList","@id":"https:\/\/podologiamary.com\/stg\/tienda\/desinfectantes\/locion-antisudoral\/#breadcrumb","itemListElement":[{"@type":"ListItem","position":1,"name":"Inicio","item":"https:\/\/podologiamary.com\/stg\/"},{"@type":"ListItem","position":2,"name":"Tienda","item":"https:\/\/podologiamary.com\/stg\/tienda\/"},{"@type":"ListItem","position":3,"name":"Loci\u00f3n Antisudoral"}]},{"@type":"WebSite","@id":"https:\/\/podologiamary.com\/stg\/#website","url":"https:\/\/podologiamary.com\/stg\/","name":"Podolog\u00eda Mary","description":"","publisher":{"@id":"https:\/\/podologiamary.com\/stg\/#organization"},"potentialAction":[{"@type":"SearchAction","target":{"@type":"EntryPoint","urlTemplate":"https:\/\/podologiamary.com\/stg\/?s={search_term_string}"},"query-input":{"@type":"PropertyValueSpecification","valueRequired":true,"valueName":"search_term_string"}}],"inLanguage":"es"},{"@type":"Organization","@id":"https:\/\/podologiamary.com\/stg\/#organization","name":"Podolog\u00eda Mary","url":"https:\/\/podologiamary.com\/stg\/","logo":{"@type":"ImageObject","inLanguage":"es","@id":"https:\/\/podologiamary.com\/stg\/#\/schema\/logo\/image\/","url":"https:\/\/podologiamary.com\/stg\/wp-content\/uploads\/2025\/03\/podologia-mary-logo.png","contentUrl":"https:\/\/podologiamary.com\/stg\/wp-content\/uploads\/2025\/03\/podologia-mary-logo.png","width":357,"height":153,"caption":"Podolog\u00eda Mary"},"image":{"@id":"https:\/\/podologiamary.com\/stg\/#\/schema\/logo\/image\/"},"sameAs":["https:\/\/www.facebook.com\/podologiamaryperu","https:\/\/x.com\/PodologiaMary","https:\/\/www.instagram.com\/podologia_mary\/","https:\/\/www.linkedin.com\/company\/podologia-mary\/"]}]}},"_links":{"self":[{"href":"https:\/\/podologiamary.com\/stg\/wp-json\/wp\/v2\/product\/1089","targetHints":{"allow":["GET"]}}],"collection":[{"href":"https:\/\/podologiamary.com\/stg\/wp-json\/wp\/v2\/product"}],"about":[{"href":"https:\/\/podologiamary.com\/stg\/wp-json\/wp\/v2\/types\/product"}],"replies":[{"embeddable":true,"href":"https:\/\/podologiamary.com\/stg\/wp-json\/wp\/v2\/comments?post=1089"}],"wp:featuredmedia":[{"embeddable":true,"href":"https:\/\/podologiamary.com\/stg\/wp-json\/wp\/v2\/media\/1088"}],"wp:attachment":[{"href":"https:\/\/podologiamary.com\/stg\/wp-json\/wp\/v2\/media?parent=1089"}],"wp:term":[{"taxonomy":"product_brand","embeddable":true,"href":"https:\/\/podologiamary.com\/stg\/wp-json\/wp\/v2\/product_brand?post=1089"},{"taxonomy":"product_cat","embeddable":true,"href":"https:\/\/podologiamary.com\/stg\/wp-json\/wp\/v2\/product_cat?post=1089"},{"taxonomy":"product_tag","embeddable":true,"href":"https:\/\/podologiamary.com\/stg\/wp-json\/wp\/v2\/product_tag?post=1089"}],"curies":[{"name":"wp","href":"https:\/\/api.w.org\/{rel}","templated":true}]}}