{"id":642,"date":"2025-03-05T02:12:17","date_gmt":"2025-03-05T02:12:17","guid":{"rendered":"https:\/\/podologiamary.com\/stg\/?page_id=642"},"modified":"2025-03-05T02:13:02","modified_gmt":"2025-03-05T02:13:02","slug":"politica-de-puntos-y-recompensas","status":"publish","type":"page","link":"https:\/\/podologiamary.com\/stg\/politica-de-puntos-y-recompensas\/","title":{"rendered":"Pol\u00edtica de Puntos y Recompensas"},"content":{"rendered":"\t\t<div data-elementor-type=\"wp-page\" data-elementor-id=\"642\" class=\"elementor elementor-642\" data-elementor-post-type=\"page\">\n\t\t\t\t<div class=\"elementor-element elementor-element-b6b04ba e-flex e-con-boxed e-con e-parent\" data-id=\"b6b04ba\" data-element_type=\"container\" data-e-type=\"container\">\n\t\t\t\t\t<div class=\"e-con-inner\">\n\t\t<div class=\"elementor-element elementor-element-9a3e811 e-con-full e-flex e-con e-child\" data-id=\"9a3e811\" data-element_type=\"container\" data-e-type=\"container\">\n\t\t<div class=\"elementor-element elementor-element-25c1e66 e-con-full e-flex e-con e-child\" data-id=\"25c1e66\" data-element_type=\"container\" data-e-type=\"container\">\n\t\t\t\t<div class=\"elementor-element elementor-element-cc47bec elementor-absolute elementor-widget-divider--view-line elementor-widget elementor-widget-divider\" data-id=\"cc47bec\" data-element_type=\"widget\" data-e-type=\"widget\" data-settings=\"{&quot;_position&quot;:&quot;absolute&quot;}\" data-widget_type=\"divider.default\">\n\t\t\t\t<div class=\"elementor-widget-container\">\n\t\t\t\t\t\t\t<div class=\"elementor-divider\">\n\t\t\t<span class=\"elementor-divider-separator\">\n\t\t\t\t\t\t<\/span>\n\t\t<\/div>\n\t\t\t\t\t\t<\/div>\n\t\t\t\t<\/div>\n\t\t\t\t<div class=\"elementor-element elementor-element-b2642cb elementor-view-default elementor-widget elementor-widget-icon\" data-id=\"b2642cb\" data-element_type=\"widget\" data-e-type=\"widget\" data-widget_type=\"icon.default\">\n\t\t\t\t<div class=\"elementor-widget-container\">\n\t\t\t\t\t\t\t<div class=\"elementor-icon-wrapper\">\n\t\t\t<div class=\"elementor-icon\">\n\t\t\t<i aria-hidden=\"true\" class=\"icon icon-flower\"><\/i>\t\t\t<\/div>\n\t\t<\/div>\n\t\t\t\t\t\t<\/div>\n\t\t\t\t<\/div>\n\t\t\t\t<\/div>\n\t\t\t\t<div class=\"elementor-element elementor-element-10b09f75 elementor-widget elementor-widget-text-editor\" data-id=\"10b09f75\" data-element_type=\"widget\" data-e-type=\"widget\" data-widget_type=\"text-editor.default\">\n\t\t\t\t<div class=\"elementor-widget-container\">\n\t\t\t\t\t\t\t\t\t\n<p>En Podolog\u00eda Mary, valoramos la fidelidad de nuestros clientes y queremos recompensarla a trav\u00e9s de nuestro Programa de Puntos y Recompensas. A continuaci\u00f3n, se detallan las condiciones y beneficios de este programa:<\/p>\n<p><strong>1. Acumulaci\u00f3n de Puntos:<\/strong><\/p>\n<ul>\n<li>Por cada S\/.1 gastado en nuestra tienda, recibir\u00e1s 1 punto de recompensa.<\/li>\n<li>Los puntos se acumulan autom\u00e1ticamente en tu cuenta una vez que se completa la compra.<\/li>\n<li>Solo las personas registradas en nuestro sitio web pueden acumular puntos.<\/li>\n<\/ul>\n<p><strong>2. Redenci\u00f3n de Puntos:<\/strong><\/p>\n<ul>\n<li>Los puntos acumulados pueden ser canjeados en futuras compras.<\/li>\n<li>Cada 50 puntos acumulados son equivalentes a S\/.1 de descuento.<\/li>\n<li>Para aplicar los puntos a una compra, debes estar registrado y haber iniciado sesi\u00f3n en tu cuenta.<\/li>\n<\/ul>\n<p><strong>3. Condiciones del Programa:<\/strong><\/p>\n<ul>\n<li>Los puntos de recompensa no tienen valor en efectivo y no pueden ser transferidos a otra persona.<\/li>\n<li>Los puntos acumulados caducan despu\u00e9s de 1 a\u00f1o desde la fecha de la compra.<\/li>\n<li>No se otorgar\u00e1n puntos por compras realizadas antes de registrarse en el programa de puntos.<\/li>\n<li>Nos reservamos el derecho de modificar, suspender o cancelar el programa de puntos en cualquier momento, sin previo aviso.<\/li>\n<\/ul>\n<p><strong>4. Exclusiones:<\/strong><\/p>\n<ul>\n<li>Los puntos no son v\u00e1lidos en compras de tarjetas de regalo o productos espec\u00edficos excluidos por Podolog\u00eda Mary.<\/li>\n<\/ul>\n<p><strong>5. Consulta y Administraci\u00f3n de Puntos:<\/strong><\/p>\n<ul>\n<li>Puedes consultar tu saldo de puntos en cualquier momento iniciando sesi\u00f3n en tu cuenta en nuestro sitio web. (<a href=\"https:\/\/podologiamary.com\/stg\/mi-cuenta\/points-and-rewards\/\">enlace directo<\/a>)<\/li>\n<li>Para cualquier consulta o asistencia relacionada con el programa de puntos, por favor contacta a nuestro servicio al cliente a trav\u00e9s de citas@podologiamary.com<\/li>\n<\/ul>\n<p><strong>6. Participaci\u00f3n:<\/strong><\/p>\n<ul>\n<li>Al registrarse y participar en el Programa de Puntos y Recompensas, aceptas cumplir con todos los t\u00e9rminos y condiciones establecidos en esta pol\u00edtica.<\/li>\n<\/ul>\t\t\t\t\t\t\t\t<\/div>\n\t\t\t\t<\/div>\n\t\t\t\t<\/div>\n\t\t\t\t\t<\/div>\n\t\t\t\t<\/div>\n\t\t\t\t<\/div>\n\t\t","protected":false},"excerpt":{"rendered":"<p>En Podolog\u00eda Mary, valoramos la fidelidad de nuestros clientes y queremos recompensarla a trav\u00e9s de nuestro Programa de Puntos y Recompensas. A continuaci\u00f3n, se detallan las condiciones y beneficios de este programa: 1. Acumulaci\u00f3n de Puntos: Por cada S\/.1 gastado en nuestra tienda, recibir\u00e1s 1 punto de recompensa. Los puntos se acumulan autom\u00e1ticamente en tu [&hellip;]<\/p>\n","protected":false},"author":1,"featured_media":0,"parent":0,"menu_order":0,"comment_status":"closed","ping_status":"closed","template":"","meta":{"_acf_changed":false,"footnotes":""},"class_list":["post-642","page","type-page","status-publish","hentry"],"acf":[],"yoast_head":"<!-- This site is optimized with the Yoast SEO plugin v27.3 - https:\/\/yoast.com\/product\/yoast-seo-wordpress\/ -->\n<title>Pol\u00edtica de Puntos y Recompensas - Podolog\u00eda Mary<\/title>\n<meta name=\"robots\" content=\"noindex, follow, max-snippet:-1, max-image-preview:large, max-video-preview:-1\" \/>\n<meta property=\"og:locale\" content=\"es_ES\" \/>\n<meta property=\"og:type\" content=\"article\" \/>\n<meta property=\"og:title\" content=\"Pol\u00edtica de Puntos y Recompensas - Podolog\u00eda Mary\" \/>\n<meta property=\"og:description\" content=\"En Podolog\u00eda Mary, valoramos la fidelidad de nuestros clientes y queremos recompensarla a trav\u00e9s de nuestro Programa de Puntos y Recompensas. A continuaci\u00f3n, se detallan las condiciones y beneficios de este programa: 1. Acumulaci\u00f3n de Puntos: Por cada S\/.1 gastado en nuestra tienda, recibir\u00e1s 1 punto de recompensa. Los puntos se acumulan autom\u00e1ticamente en tu [&hellip;]\" \/>\n<meta property=\"og:url\" content=\"https:\/\/podologiamary.com\/stg\/politica-de-puntos-y-recompensas\/\" \/>\n<meta property=\"og:site_name\" content=\"Podolog\u00eda Mary\" \/>\n<meta property=\"article:publisher\" content=\"https:\/\/www.facebook.com\/podologiamaryperu\" \/>\n<meta property=\"article:modified_time\" content=\"2025-03-05T02:13:02+00:00\" \/>\n<meta name=\"twitter:card\" content=\"summary_large_image\" \/>\n<meta name=\"twitter:site\" content=\"@PodologiaMary\" \/>\n<meta name=\"twitter:label1\" content=\"Tiempo de lectura\" \/>\n\t<meta name=\"twitter:data1\" content=\"2 minutos\" \/>\n<script type=\"application\/ld+json\" class=\"yoast-schema-graph\">{\"@context\":\"https:\\\/\\\/schema.org\",\"@graph\":[{\"@type\":\"WebPage\",\"@id\":\"https:\\\/\\\/podologiamary.com\\\/stg\\\/politica-de-puntos-y-recompensas\\\/\",\"url\":\"https:\\\/\\\/podologiamary.com\\\/stg\\\/politica-de-puntos-y-recompensas\\\/\",\"name\":\"Pol\u00edtica de Puntos y Recompensas - Podolog\u00eda Mary\",\"isPartOf\":{\"@id\":\"https:\\\/\\\/podologiamary.com\\\/stg\\\/#website\"},\"datePublished\":\"2025-03-05T02:12:17+00:00\",\"dateModified\":\"2025-03-05T02:13:02+00:00\",\"breadcrumb\":{\"@id\":\"https:\\\/\\\/podologiamary.com\\\/stg\\\/politica-de-puntos-y-recompensas\\\/#breadcrumb\"},\"inLanguage\":\"es\",\"potentialAction\":[{\"@type\":\"ReadAction\",\"target\":[\"https:\\\/\\\/podologiamary.com\\\/stg\\\/politica-de-puntos-y-recompensas\\\/\"]}]},{\"@type\":\"BreadcrumbList\",\"@id\":\"https:\\\/\\\/podologiamary.com\\\/stg\\\/politica-de-puntos-y-recompensas\\\/#breadcrumb\",\"itemListElement\":[{\"@type\":\"ListItem\",\"position\":1,\"name\":\"Inicio\",\"item\":\"https:\\\/\\\/podologiamary.com\\\/stg\\\/\"},{\"@type\":\"ListItem\",\"position\":2,\"name\":\"Pol\u00edtica de Puntos y Recompensas\"}]},{\"@type\":\"WebSite\",\"@id\":\"https:\\\/\\\/podologiamary.com\\\/stg\\\/#website\",\"url\":\"https:\\\/\\\/podologiamary.com\\\/stg\\\/\",\"name\":\"Podolog\u00eda Mary\",\"description\":\"\",\"publisher\":{\"@id\":\"https:\\\/\\\/podologiamary.com\\\/stg\\\/#organization\"},\"potentialAction\":[{\"@type\":\"SearchAction\",\"target\":{\"@type\":\"EntryPoint\",\"urlTemplate\":\"https:\\\/\\\/podologiamary.com\\\/stg\\\/?s={search_term_string}\"},\"query-input\":{\"@type\":\"PropertyValueSpecification\",\"valueRequired\":true,\"valueName\":\"search_term_string\"}}],\"inLanguage\":\"es\"},{\"@type\":\"Organization\",\"@id\":\"https:\\\/\\\/podologiamary.com\\\/stg\\\/#organization\",\"name\":\"Podolog\u00eda Mary\",\"url\":\"https:\\\/\\\/podologiamary.com\\\/stg\\\/\",\"logo\":{\"@type\":\"ImageObject\",\"inLanguage\":\"es\",\"@id\":\"https:\\\/\\\/podologiamary.com\\\/stg\\\/#\\\/schema\\\/logo\\\/image\\\/\",\"url\":\"https:\\\/\\\/podologiamary.com\\\/stg\\\/wp-content\\\/uploads\\\/2025\\\/03\\\/podologia-mary-logo.png\",\"contentUrl\":\"https:\\\/\\\/podologiamary.com\\\/stg\\\/wp-content\\\/uploads\\\/2025\\\/03\\\/podologia-mary-logo.png\",\"width\":357,\"height\":153,\"caption\":\"Podolog\u00eda Mary\"},\"image\":{\"@id\":\"https:\\\/\\\/podologiamary.com\\\/stg\\\/#\\\/schema\\\/logo\\\/image\\\/\"},\"sameAs\":[\"https:\\\/\\\/www.facebook.com\\\/podologiamaryperu\",\"https:\\\/\\\/x.com\\\/PodologiaMary\",\"https:\\\/\\\/www.instagram.com\\\/podologia_mary\\\/\",\"https:\\\/\\\/www.linkedin.com\\\/company\\\/podologia-mary\\\/\"]}]}<\/script>\n<!-- \/ Yoast SEO plugin. -->","yoast_head_json":{"title":"Pol\u00edtica de Puntos y Recompensas - Podolog\u00eda Mary","robots":{"index":"noindex","follow":"follow","max-snippet":"max-snippet:-1","max-image-preview":"max-image-preview:large","max-video-preview":"max-video-preview:-1"},"og_locale":"es_ES","og_type":"article","og_title":"Pol\u00edtica de Puntos y Recompensas - Podolog\u00eda Mary","og_description":"En Podolog\u00eda Mary, valoramos la fidelidad de nuestros clientes y queremos recompensarla a trav\u00e9s de nuestro Programa de Puntos y Recompensas. A continuaci\u00f3n, se detallan las condiciones y beneficios de este programa: 1. Acumulaci\u00f3n de Puntos: Por cada S\/.1 gastado en nuestra tienda, recibir\u00e1s 1 punto de recompensa. Los puntos se acumulan autom\u00e1ticamente en tu [&hellip;]","og_url":"https:\/\/podologiamary.com\/stg\/politica-de-puntos-y-recompensas\/","og_site_name":"Podolog\u00eda Mary","article_publisher":"https:\/\/www.facebook.com\/podologiamaryperu","article_modified_time":"2025-03-05T02:13:02+00:00","twitter_card":"summary_large_image","twitter_site":"@PodologiaMary","twitter_misc":{"Tiempo de lectura":"2 minutos"},"schema":{"@context":"https:\/\/schema.org","@graph":[{"@type":"WebPage","@id":"https:\/\/podologiamary.com\/stg\/politica-de-puntos-y-recompensas\/","url":"https:\/\/podologiamary.com\/stg\/politica-de-puntos-y-recompensas\/","name":"Pol\u00edtica de Puntos y Recompensas - Podolog\u00eda Mary","isPartOf":{"@id":"https:\/\/podologiamary.com\/stg\/#website"},"datePublished":"2025-03-05T02:12:17+00:00","dateModified":"2025-03-05T02:13:02+00:00","breadcrumb":{"@id":"https:\/\/podologiamary.com\/stg\/politica-de-puntos-y-recompensas\/#breadcrumb"},"inLanguage":"es","potentialAction":[{"@type":"ReadAction","target":["https:\/\/podologiamary.com\/stg\/politica-de-puntos-y-recompensas\/"]}]},{"@type":"BreadcrumbList","@id":"https:\/\/podologiamary.com\/stg\/politica-de-puntos-y-recompensas\/#breadcrumb","itemListElement":[{"@type":"ListItem","position":1,"name":"Inicio","item":"https:\/\/podologiamary.com\/stg\/"},{"@type":"ListItem","position":2,"name":"Pol\u00edtica de Puntos y Recompensas"}]},{"@type":"WebSite","@id":"https:\/\/podologiamary.com\/stg\/#website","url":"https:\/\/podologiamary.com\/stg\/","name":"Podolog\u00eda Mary","description":"","publisher":{"@id":"https:\/\/podologiamary.com\/stg\/#organization"},"potentialAction":[{"@type":"SearchAction","target":{"@type":"EntryPoint","urlTemplate":"https:\/\/podologiamary.com\/stg\/?s={search_term_string}"},"query-input":{"@type":"PropertyValueSpecification","valueRequired":true,"valueName":"search_term_string"}}],"inLanguage":"es"},{"@type":"Organization","@id":"https:\/\/podologiamary.com\/stg\/#organization","name":"Podolog\u00eda Mary","url":"https:\/\/podologiamary.com\/stg\/","logo":{"@type":"ImageObject","inLanguage":"es","@id":"https:\/\/podologiamary.com\/stg\/#\/schema\/logo\/image\/","url":"https:\/\/podologiamary.com\/stg\/wp-content\/uploads\/2025\/03\/podologia-mary-logo.png","contentUrl":"https:\/\/podologiamary.com\/stg\/wp-content\/uploads\/2025\/03\/podologia-mary-logo.png","width":357,"height":153,"caption":"Podolog\u00eda Mary"},"image":{"@id":"https:\/\/podologiamary.com\/stg\/#\/schema\/logo\/image\/"},"sameAs":["https:\/\/www.facebook.com\/podologiamaryperu","https:\/\/x.com\/PodologiaMary","https:\/\/www.instagram.com\/podologia_mary\/","https:\/\/www.linkedin.com\/company\/podologia-mary\/"]}]}},"_links":{"self":[{"href":"https:\/\/podologiamary.com\/stg\/wp-json\/wp\/v2\/pages\/642","targetHints":{"allow":["GET"]}}],"collection":[{"href":"https:\/\/podologiamary.com\/stg\/wp-json\/wp\/v2\/pages"}],"about":[{"href":"https:\/\/podologiamary.com\/stg\/wp-json\/wp\/v2\/types\/page"}],"author":[{"embeddable":true,"href":"https:\/\/podologiamary.com\/stg\/wp-json\/wp\/v2\/users\/1"}],"replies":[{"embeddable":true,"href":"https:\/\/podologiamary.com\/stg\/wp-json\/wp\/v2\/comments?post=642"}],"version-history":[{"count":0,"href":"https:\/\/podologiamary.com\/stg\/wp-json\/wp\/v2\/pages\/642\/revisions"}],"wp:attachment":[{"href":"https:\/\/podologiamary.com\/stg\/wp-json\/wp\/v2\/media?parent=642"}],"curies":[{"name":"wp","href":"https:\/\/api.w.org\/{rel}","templated":true}]}}